{"id":2908,"date":"2016-09-20T13:48:24","date_gmt":"2016-09-20T13:48:24","guid":{"rendered":"https:\/\/www.kookon.ee\/ru\/terms-and-conditions\/"},"modified":"2018-04-20T13:15:34","modified_gmt":"2018-04-20T11:15:34","slug":"uslovija","status":"publish","type":"page","link":"https:\/\/www.kookon.ee\/ru\/uslovija\/","title":{"rendered":"\u0423\u0441\u043b\u043e\u0432\u0438\u044f"},"content":{"rendered":"<div class=\"kookon-wysiwyg-full wysiwyg maxwidth-wrapper\">\n<h3>\u00dcLDTINGIMUSED<\/h3>\n<h3>\u00dcLDTINGIMUSTE ESE<\/h3>\n<p>&#8230;..\u00a0(edaspidi M\u00fc\u00fcja) m\u00fc\u00fcb oma hallatavas internetiostukeskkonnas (edaspidi veebikeskkonna) M\u00fc\u00fcjale kuuluvate kaubam\u00e4rkidega t\u00e4histatud tooteid (edaspidi Tooted).<\/p>\n<p>Tingimused kehtivad \u00f5igussuhetele, mis tekivad veebikeskkonnast\u00a0tellijate (edaspidi Klient) ja M\u00fc\u00fcja vahel. K\u00e4esolevatele \u00fcldtingimustele reguleerivad veebikeskkonnas maksmisel\u00a0tekkivaid \u00f5igussuhteid Eesti Vabariigis kehtivad \u00f5igusaktid.<\/p>\n<p>M\u00fc\u00fcja andmed: &#8230;&#8230;&#8230;.<\/p>\n<h3>HINNAD<\/h3>\n<p>K\u00f5ik veebikeskkonnad\u00a0kajastatud hinnad on esitatud eurodes.<\/p>\n<h3>TOOTED<\/h3>\n<p>Veebikeskkonnas\u00a0kajastatavad Tooted on reeglina laos olemas. Nimetatud Toodete saadavust ei tagata, kuna see v\u00f5ib olla ekslik seoses v\u00f5imalike tehniliste probleemidega veebikeskkonna\u00a0programmides.<\/p>\n<p>Juhul, kui Klient esitab tellimuse, kuid ilmneb, et antud Toode laost puudub, ei ole M\u00fc\u00fcjal v\u00f5imalik antud tellimust t\u00e4ita. Sellisel juhul kontakteerub M\u00fc\u00fcja t\u00f6\u00f6taja Kliendiga ja pakub v\u00e4lja asendustoote, v\u00f5imaliku uue kohaletoimetamise aja v\u00f5i tagastab Kliendile ostusumma hiljemalt 7 p\u00e4eva jooksul.<\/p>\n<p>Veebikeskkonnas kuvatavad fotod Toodetest on illustratiivse t\u00e4hendusega ning v\u00f5ivad v\u00e4hesel m\u00e4\u00e4ral tahtmatult erineda Toote tegelikust v\u00e4ljan\u00e4gemisest.<\/p>\n<p>&nbsp;<\/p>\n<h3>OSTU SOORITAMINE<\/h3>\n<p>Klient valib veebikeskkonnas\u00a0v\u00e4lja soovitud Toote ning lisab selle ostukorvi, klikkides nupul \u201cLisa korvi\u201d.<\/p>\n<p>Tellimuse vormistamiseks tuleb ostukorvis klikkida nupul \u201eVormista tellimus\u201c. P\u00e4rast n\u00f5utud andmete sisestamist tasub Klient Toote eest internetipanga pangalingi vahendusel ning kinnitab tellimuse klikkides nupul \u201cTagasi kaupmehe juurde\u201d. M\u00fc\u00fcja v\u00f5imaldab Kliendil tasuda \u00fcksnes tellimuse vormistamise lehel esiletoodud makseviiside kaudu.<\/p>\n<p>P\u00e4rast Toote eest tasumist saadab M\u00fc\u00fcja Kliendi e-postile tellimuse kinnituse.<\/p>\n<p>Klient kohustub tellimuse vormistamisel esitama tellimuse t\u00e4itmiseks vajalikud, t\u00f5esed andmed.<\/p>\n<p>M\u00fc\u00fcja ei vastuta tellimuse t\u00e4itmisel Kliendi poolt esitatud ebakorrektsetest andmetest tingitud t\u00e4itmise v\u00f5imatuse v\u00f5i mistahes sellest tulenevate tagaj\u00e4rgede eest.<\/p>\n<h3>TASUMINE<\/h3>\n<p>Tellimuste eest saab turvaliselt tasuda Eesti pangalinkide abil (Swedbank, SEB Pank, Nordea Pank ja Danske Bank), krediitkaardiga (Visa ja MasterCard) v\u00f5i PayPal makses\u00fcsteemi kaudu.<\/p>\n<p>Makse teostamine toimub v\u00e4ljaspool veebikeskkonna keskkonda vastava panga v\u00f5i teenusepakkuja turvalises maksekeskkonnas.<\/p>\n<p>M\u00fc\u00fcjal puudub ligip\u00e4\u00e4s Kliendi pangaandmetele ja krediitkaardi andmetele.<\/p>\n<h3>KOHALETOIMETAMINE<\/h3>\n<p>Kliendil on v\u00f5imalik valida erinevate Toote kohaletoimetamise viiside vahel. Toote kohalej\u00f5udmine s\u00f5ltub Kliendi poolt valitud postiteenusest.<\/p>\n<p>Tellitud Toode peaks Kliendini j\u00f5udma ideaalses korras ja kinnises pakendis. Kui pakend on transpordil viga saanud, siis on Klient sellest kohustatud koheselt teavitama e-posti teel &#8230;..\u00a0v\u00f5i helistades avalehel m\u00e4rgitud kontaktnumbril.<\/p>\n<p>Klient on kohustatud enne tellimuse vormistamist kontrollima esitatavate kontaktandmete \u00f5igsust, v\u00e4ltimaks viivitusi ja arusaamatusi Toodete kohaletoimetamisel. M\u00fc\u00fcja ei vastuta Toodete kohaletoimetamisel tekkinud viivituste ja arusaamatuste eest juhul, kui viivitus v\u00f5i arusaamatus on tingitud Kliendi poolt tellimuse vormistamisel esitatud andmete ebat\u00e4psusest v\u00f5i -\u00f5igsusest.<\/p>\n<p>&nbsp;<\/p>\n<h3>TOOTE TAGASTAMINE JA \u00dcMBERVAHETAMINE<\/h3>\n<p>Kliendil on \u00f5igus tehingust 14 p\u00e4eva jooksul taganeda ja tellitud Toode \u00fcmber vahetada v\u00f5i tagastada.<\/p>\n<p>Klient on kohustatud teavitama veebikeskkonna\u00a0Toote \u00fcmbervahetamisest v\u00f5i tagastamisest, saates vastavasisulise e-kirja e-posti aadressile: &#8230;&#8230;&#8230;. E-kirjas tuleb muuhulgas m\u00e4rkida \u00fcmber vahetatava v\u00f5i tagastatava tellimuse number ning sooviavaldus: kas soovitakse numbrivahetust v\u00f5i rahatagastust.<\/p>\n<p>Toote saab \u00fcmber vahetada \u00fcksnes sama toote teise suuruse vastu.<\/p>\n<p>M\u00fc\u00fcja tagastab Kliendile ostusumma 7 p\u00e4eva jooksul arvates Toote \u00f5igeaegsest saabumisestveebikeskkonda. Tagastus toimub samale arvelduskontole, millelt Klient tegi tagastatava tellimuse makse.<\/p>\n<p>\u00dcmbervahetatav v\u00f5i tagastatav Toode ei v\u00f5i olla kahjustunud v\u00f5i kandmisj\u00e4lgedega, Toode peab olema originaalpakendis ja Toote k\u00fcljes peavad olema k\u00f5ik originaaletiketid.<\/p>\n<p>Klient on kohustatud avama Toote pakendi alati ettevaatlikult, seda kahjustamata. Kui pakendit ei ole v\u00f5imalik avada seda rikkumata, ei ole Toote tagastamine originaalpakendis n\u00f5utav.<\/p>\n<h3>VASTUTUS<\/h3>\n<p>M\u00fc\u00fcja ja Klient vastutavad teineteise ees k\u00e4esolevate kasutustingimuste rikkumisega teisele poole tekitatud kahju eest Eesti Vabariigis kehtivates \u00f5igusaktides s\u00e4testatud juhtudel ja ulatuses.<\/p>\n<p>M\u00fc\u00fcja vastutab Toote m\u00fc\u00fcgihinna ulatuses.<\/p>\n<p>Klient kohustub kasutama veebikeskkonna teenust \u00fcksnes seaduse ja heade tavadega koosk\u00f5las olevatel eesm\u00e4rkidel.<\/p>\n<h3>ANDMET\u00d6\u00d6TLUS<\/h3>\n<p>Klient annab M\u00fc\u00fcjale selge ja teadliku n\u00f5usoleku oma isikuandmete t\u00f6\u00f6tlemiseks.<\/p>\n<p>M\u00fc\u00fcjale teatavaks saanud isikuandmed kantakse kliendiregistrisse ja neid kasutatakse m\u00fc\u00fcgiteenuse osutamiseks ja Kliendile kauba pakkumiseks.<\/p>\n<p>M\u00fc\u00fcja s\u00e4ilitab Kliendi kohta ostude sooritamise k\u00e4igus Kliendi poolt sisestatud kontaktandmed ja info sooritatud ostude kohta. Seda infot k\u00e4sitletakse konfidentsiaalsena ja t\u00f6\u00f6deldakse koosk\u00f5las seadusega. Isikuandmed, mis on vajalikud Toodete Kliendile saatmiseks, edastatakse kulleriteenust osutavale ettev\u00f5ttele.<\/p>\n<p>M\u00fc\u00fcja v\u00f5ib kasutada Kliendi isikuandmeid Kliendile eripakkumiste ja kampaaniate kohta info saatmiseks e-posti teel \u00fcksnes juhul, kui Klient on andnud selleks oma n\u00f5usoleku.<\/p>\n<p>Andmeside Kliendi ja pankade ning kaardimaksekeskuse vahel on kr\u00fcpteeritud, mis tagab Kliendi isikuandmete ja pangaandmete turvalisuse.<\/p>\n<p>Isikuandmeid t\u00f6\u00f6tleb &#8230;&#8230;..<\/p>\n<h3>KASUTAMISTINGIMUSED JA NENDE MUUTMINE<\/h3>\n<p>Veebikeskkonnas registreerudes v\u00f5i ostu sooritades n\u00f5ustub Klient E-poe kasutustingimustega ja kohustub neid t\u00e4itma.<\/p>\n<p>M\u00fc\u00fcja ja Kliendi vahel j\u00f5ustub m\u00fc\u00fcgileping alates tasumisele kuuluva ostusumma laekumisest M\u00fc\u00fcja arvelduskontole.<\/p>\n<p>M\u00fc\u00fcja v\u00f5ib muuta veebikeskkonna kasutustingimusi ja toodete hindasid. Teade muutuste kohta avaldatakse veebikeskkonna keskkonnas. Tehingule rakendatakse tehingu toimumise hetkel kehtivaid tingimusi ja hindu.<\/p>\n<p>M\u00fc\u00fcjal on \u00f5igus loobuda tellimuse t\u00e4itmisest kui tehnilise vea t\u00f5ttu oli veebikeskkonnas kuvatud Toote hind ekslik.<\/p>\n<h3>MUUD TINGIMUSED<\/h3>\n<p>Kliendi ja M\u00fc\u00fcja vahel tekkinud erimeelsused lahendatakse l\u00e4bir\u00e4\u00e4kimiste teel. Kokkuleppe mittesaavutamise korral on Kliendil \u00f5igus p\u00f6\u00f6rduda oma \u00f5iguste kaitseks Harju Maakohtusse, Tarbijakaitseametisse ja\/v\u00f5i tarbijakaebuste komisjoni.<\/p>\n<p>\u00dcldtingimused on kinnitatud &#8230;&#8230;<\/p>\n<\/div>\n","protected":false},"excerpt":{"rendered":"<p>\u00dcLDTINGIMUSED \u00dcLDTINGIMUSTE ESE &#8230;..\u00a0(edaspidi M\u00fc\u00fcja) m\u00fc\u00fcb oma hallatavas internetiostukeskkonnas (edaspidi veebikeskkonna) M\u00fc\u00fcjale kuuluvate kaubam\u00e4rkidega t\u00e4histatud tooteid (edaspidi Tooted). Tingimused kehtivad \u00f5igussuhetele, mis tekivad veebikeskkonnast\u00a0tellijate (edaspidi Klient) ja M\u00fc\u00fcja vahel. K\u00e4esolevatele \u00fcldtingimustele reguleerivad veebikeskkonnas maksmisel\u00a0tekkivaid \u00f5igussuhteid Eesti Vabariigis kehtivad \u00f5igusaktid. M\u00fc\u00fcja andmed: &#8230;&#8230;&#8230;. HINNAD K\u00f5ik veebikeskkonnad\u00a0kajastatud hinnad on esitatud eurodes. TOOTED Veebikeskkonnas\u00a0kajastatavad Tooted on reeglina laos [&hellip;]<\/p>\n","protected":false},"author":1,"featured_media":0,"parent":0,"menu_order":0,"comment_status":"closed","ping_status":"closed","template":"default_content","meta":[],"acf":[],"yoast_head":"<!-- This site is optimized with the Yoast SEO plugin v15.9 - https:\/\/yoast.com\/wordpress\/plugins\/seo\/ -->\n<meta name=\"robots\" content=\"index, follow, max-snippet:-1, max-image-preview:large, max-video-preview:-1\" \/>\n<link rel=\"canonical\" href=\"https:\/\/www.kookon.ee\/ru\/uslovija\/\" \/>\n<meta property=\"og:locale\" content=\"ru_RU\" \/>\n<meta property=\"og:type\" content=\"article\" \/>\n<meta property=\"og:title\" content=\"\u0423\u0441\u043b\u043e\u0432\u0438\u044f - C\u043c\u0430\u0440\u0442-\u0441\u043a\u043b\u0430\u0434\u044b Kookon\" \/>\n<meta property=\"og:description\" content=\"\u00dcLDTINGIMUSED \u00dcLDTINGIMUSTE ESE &#8230;..\u00a0(edaspidi M\u00fc\u00fcja) m\u00fc\u00fcb oma hallatavas internetiostukeskkonnas (edaspidi veebikeskkonna) M\u00fc\u00fcjale kuuluvate kaubam\u00e4rkidega t\u00e4histatud tooteid (edaspidi Tooted). Tingimused kehtivad \u00f5igussuhetele, mis tekivad veebikeskkonnast\u00a0tellijate (edaspidi Klient) ja M\u00fc\u00fcja vahel. K\u00e4esolevatele \u00fcldtingimustele reguleerivad veebikeskkonnas maksmisel\u00a0tekkivaid \u00f5igussuhteid Eesti Vabariigis kehtivad \u00f5igusaktid. M\u00fc\u00fcja andmed: &#8230;&#8230;&#8230;. HINNAD K\u00f5ik veebikeskkonnad\u00a0kajastatud hinnad on esitatud eurodes. TOOTED Veebikeskkonnas\u00a0kajastatavad Tooted on reeglina laos [&hellip;]\" \/>\n<meta property=\"og:url\" content=\"https:\/\/www.kookon.ee\/ru\/uslovija\/\" \/>\n<meta property=\"og:site_name\" content=\"C\u043c\u0430\u0440\u0442-\u0441\u043a\u043b\u0430\u0434\u044b Kookon\" \/>\n<meta property=\"article:publisher\" content=\"https:\/\/www.facebook.com\/kookonvaikelaod\/\" \/>\n<meta property=\"article:modified_time\" content=\"2018-04-20T11:15:34+00:00\" \/>\n<meta name=\"twitter:card\" content=\"summary\" \/>\n<meta name=\"twitter:label1\" content=\"Est. reading time\">\n\t<meta name=\"twitter:data1\" content=\"4 minutes\">\n<script type=\"application\/ld+json\" class=\"yoast-schema-graph\">{\"@context\":\"https:\/\/schema.org\",\"@graph\":[{\"@type\":\"WebSite\",\"@id\":\"https:\/\/www.kookon.ee\/#website\",\"url\":\"https:\/\/www.kookon.ee\/\",\"name\":\"C\\u043c\\u0430\\u0440\\u0442-\\u0441\\u043a\\u043b\\u0430\\u0434\\u044b Kookon\",\"description\":\"\\u041f\\u043b\\u043e\\u0449\\u0430\\u0434\\u044c, \\u0441\\u043e\\u043e\\u0442\\u0432\\u0435\\u0442\\u0441\\u0442\\u0432\\u0443\\u044e\\u0449\\u0430\\u044f \\u043f\\u043e\\u0442\\u0440\\u0435\\u0431\\u043d\\u043e\\u0441\\u0442\\u044f\\u043c\",\"potentialAction\":[{\"@type\":\"SearchAction\",\"target\":\"https:\/\/www.kookon.ee\/?s={search_term_string}\",\"query-input\":\"required name=search_term_string\"}],\"inLanguage\":\"ru-RU\"},{\"@type\":\"WebPage\",\"@id\":\"https:\/\/www.kookon.ee\/ru\/uslovija\/#webpage\",\"url\":\"https:\/\/www.kookon.ee\/ru\/uslovija\/\",\"name\":\"\\u0423\\u0441\\u043b\\u043e\\u0432\\u0438\\u044f - C\\u043c\\u0430\\u0440\\u0442-\\u0441\\u043a\\u043b\\u0430\\u0434\\u044b Kookon\",\"isPartOf\":{\"@id\":\"https:\/\/www.kookon.ee\/#website\"},\"datePublished\":\"2016-09-20T13:48:24+00:00\",\"dateModified\":\"2018-04-20T11:15:34+00:00\",\"breadcrumb\":{\"@id\":\"https:\/\/www.kookon.ee\/ru\/uslovija\/#breadcrumb\"},\"inLanguage\":\"ru-RU\",\"potentialAction\":[{\"@type\":\"ReadAction\",\"target\":[\"https:\/\/www.kookon.ee\/ru\/uslovija\/\"]}]},{\"@type\":\"BreadcrumbList\",\"@id\":\"https:\/\/www.kookon.ee\/ru\/uslovija\/#breadcrumb\",\"itemListElement\":[{\"@type\":\"ListItem\",\"position\":1,\"item\":{\"@type\":\"WebPage\",\"@id\":\"https:\/\/www.kookon.ee\/ru\/\",\"url\":\"https:\/\/www.kookon.ee\/ru\/\",\"name\":\"Home\"}},{\"@type\":\"ListItem\",\"position\":2,\"item\":{\"@type\":\"WebPage\",\"@id\":\"https:\/\/www.kookon.ee\/ru\/uslovija\/\",\"url\":\"https:\/\/www.kookon.ee\/ru\/uslovija\/\",\"name\":\"\\u0423\\u0441\\u043b\\u043e\\u0432\\u0438\\u044f\"}}]}]}<\/script>\n<!-- \/ Yoast SEO plugin. -->","_links":{"self":[{"href":"https:\/\/www.kookon.ee\/ru\/wp-json\/wp\/v2\/pages\/2908"}],"collection":[{"href":"https:\/\/www.kookon.ee\/ru\/wp-json\/wp\/v2\/pages"}],"about":[{"href":"https:\/\/www.kookon.ee\/ru\/wp-json\/wp\/v2\/types\/page"}],"author":[{"embeddable":true,"href":"https:\/\/www.kookon.ee\/ru\/wp-json\/wp\/v2\/users\/1"}],"replies":[{"embeddable":true,"href":"https:\/\/www.kookon.ee\/ru\/wp-json\/wp\/v2\/comments?post=2908"}],"version-history":[{"count":0,"href":"https:\/\/www.kookon.ee\/ru\/wp-json\/wp\/v2\/pages\/2908\/revisions"}],"wp:attachment":[{"href":"https:\/\/www.kookon.ee\/ru\/wp-json\/wp\/v2\/media?parent=2908"}],"curies":[{"name":"wp","href":"https:\/\/api.w.org\/{rel}","templated":true}]}}