{"id":3944,"date":"2020-09-07T13:38:51","date_gmt":"2020-09-07T11:38:51","guid":{"rendered":"https:\/\/staging.kookon.ee\/valguse\/"},"modified":"2025-02-06T18:11:49","modified_gmt":"2025-02-06T16:11:49","slug":"valguse","status":"publish","type":"page","link":"https:\/\/www.kookon.ee\/ru\/valguse\/","title":{"rendered":"Kookon: Peetri"},"content":{"rendered":"","protected":false},"excerpt":{"rendered":"","protected":false},"author":1,"featured_media":0,"parent":0,"menu_order":0,"comment_status":"closed","ping_status":"closed","template":"kookon_main_page","meta":[],"acf":[],"yoast_head":"<!-- This site is optimized with the Yoast SEO plugin v15.9 - https:\/\/yoast.com\/wordpress\/plugins\/seo\/ -->\n<meta name=\"description\" content=\"M\u00f5igu tehnopargist on suurep\u00e4rane ligip\u00e4\u00e4s kesklinna ja Tallinna ringteele. Tehnopark sobib v\u00e4ikestele ja keskmise suurusega ettev\u00f5tetele.\" \/>\n<meta name=\"robots\" content=\"index, follow, max-snippet:-1, max-image-preview:large, max-video-preview:-1\" \/>\n<link rel=\"canonical\" href=\"https:\/\/www.kookon.ee\/ru\/valguse\/\" \/>\n<meta property=\"og:locale\" content=\"ru_RU\" \/>\n<meta property=\"og:type\" content=\"article\" \/>\n<meta property=\"og:title\" content=\"Kookon Peetri\" \/>\n<meta property=\"og:description\" content=\"M\u00f5igu tehnopargist on suurep\u00e4rane ligip\u00e4\u00e4s kesklinna ja Tallinna ringteele. Tehnopark sobib v\u00e4ikestele ja keskmise suurusega ettev\u00f5tetele.\" \/>\n<meta property=\"og:url\" content=\"https:\/\/www.kookon.ee\/ru\/valguse\/\" \/>\n<meta property=\"og:site_name\" content=\"C\u043c\u0430\u0440\u0442-\u0441\u043a\u043b\u0430\u0434\u044b Kookon\" \/>\n<meta property=\"article:publisher\" content=\"https:\/\/www.facebook.com\/kookonvaikelaod\/\" \/>\n<meta property=\"article:modified_time\" content=\"2025-02-06T16:11:49+00:00\" \/>\n<meta property=\"og:image\" content=\"https:\/\/www.kookon.ee\/content\/uploads\/2021\/09\/Peetri_1_1920x1080.jpg\" \/>\n<meta name=\"twitter:card\" content=\"summary\" \/>\n<script type=\"application\/ld+json\" class=\"yoast-schema-graph\">{\"@context\":\"https:\/\/schema.org\",\"@graph\":[{\"@type\":\"WebSite\",\"@id\":\"https:\/\/www.kookon.ee\/#website\",\"url\":\"https:\/\/www.kookon.ee\/\",\"name\":\"C\\u043c\\u0430\\u0440\\u0442-\\u0441\\u043a\\u043b\\u0430\\u0434\\u044b Kookon\",\"description\":\"\\u041f\\u043b\\u043e\\u0449\\u0430\\u0434\\u044c, \\u0441\\u043e\\u043e\\u0442\\u0432\\u0435\\u0442\\u0441\\u0442\\u0432\\u0443\\u044e\\u0449\\u0430\\u044f \\u043f\\u043e\\u0442\\u0440\\u0435\\u0431\\u043d\\u043e\\u0441\\u0442\\u044f\\u043c\",\"potentialAction\":[{\"@type\":\"SearchAction\",\"target\":\"https:\/\/www.kookon.ee\/?s={search_term_string}\",\"query-input\":\"required name=search_term_string\"}],\"inLanguage\":\"ru-RU\"},{\"@type\":\"WebPage\",\"@id\":\"https:\/\/www.kookon.ee\/ru\/valguse\/#webpage\",\"url\":\"https:\/\/www.kookon.ee\/ru\/valguse\/\",\"name\":\"Kookon Peetri - Nutilaod Tallinna linnapiiril, Tartu maantee \\u00e4\\u00e4res\",\"isPartOf\":{\"@id\":\"https:\/\/www.kookon.ee\/#website\"},\"datePublished\":\"2020-09-07T11:38:51+00:00\",\"dateModified\":\"2025-02-06T16:11:49+00:00\",\"description\":\"M\\u00f5igu tehnopargist on suurep\\u00e4rane ligip\\u00e4\\u00e4s kesklinna ja Tallinna ringteele. Tehnopark sobib v\\u00e4ikestele ja keskmise suurusega ettev\\u00f5tetele.\",\"breadcrumb\":{\"@id\":\"https:\/\/www.kookon.ee\/ru\/valguse\/#breadcrumb\"},\"inLanguage\":\"ru-RU\",\"potentialAction\":[{\"@type\":\"ReadAction\",\"target\":[\"https:\/\/www.kookon.ee\/ru\/valguse\/\"]}]},{\"@type\":\"BreadcrumbList\",\"@id\":\"https:\/\/www.kookon.ee\/ru\/valguse\/#breadcrumb\",\"itemListElement\":[{\"@type\":\"ListItem\",\"position\":1,\"item\":{\"@type\":\"WebPage\",\"@id\":\"https:\/\/www.kookon.ee\/ru\/\",\"url\":\"https:\/\/www.kookon.ee\/ru\/\",\"name\":\"Home\"}},{\"@type\":\"ListItem\",\"position\":2,\"item\":{\"@type\":\"WebPage\",\"@id\":\"https:\/\/www.kookon.ee\/ru\/valguse\/\",\"url\":\"https:\/\/www.kookon.ee\/ru\/valguse\/\",\"name\":\"Kookon: Peetri\"}}]}]}<\/script>\n<!-- \/ Yoast SEO plugin. -->","_links":{"self":[{"href":"https:\/\/www.kookon.ee\/ru\/wp-json\/wp\/v2\/pages\/3944"}],"collection":[{"href":"https:\/\/www.kookon.ee\/ru\/wp-json\/wp\/v2\/pages"}],"about":[{"href":"https:\/\/www.kookon.ee\/ru\/wp-json\/wp\/v2\/types\/page"}],"author":[{"embeddable":true,"href":"https:\/\/www.kookon.ee\/ru\/wp-json\/wp\/v2\/users\/1"}],"replies":[{"embeddable":true,"href":"https:\/\/www.kookon.ee\/ru\/wp-json\/wp\/v2\/comments?post=3944"}],"version-history":[{"count":0,"href":"https:\/\/www.kookon.ee\/ru\/wp-json\/wp\/v2\/pages\/3944\/revisions"}],"wp:attachment":[{"href":"https:\/\/www.kookon.ee\/ru\/wp-json\/wp\/v2\/media?parent=3944"}],"curies":[{"name":"wp","href":"https:\/\/api.w.org\/{rel}","templated":true}]}}